{"id":19343,"date":"2026-04-24T14:46:09","date_gmt":"2026-04-24T18:46:09","guid":{"rendered":"https:\/\/rootspropiedades.cl\/?page_id=19343"},"modified":"2026-04-24T15:01:45","modified_gmt":"2026-04-24T19:01:45","slug":"servicios","status":"publish","type":"page","link":"https:\/\/rootspropiedades.cl\/?page_id=19343","title":{"rendered":"Servicios"},"content":{"rendered":"\t\t<div data-elementor-type=\"wp-page\" data-elementor-id=\"19343\" class=\"elementor elementor-19343\">\n\t\t\t\t<div class=\"elementor-element elementor-element-04fe424 e-flex e-con-boxed e-con e-parent\" data-id=\"04fe424\" data-element_type=\"container\">\n\t\t\t\t\t<div class=\"e-con-inner\">\n\t\t\t\t<div class=\"elementor-element elementor-element-1758ef2 elementor-widget elementor-widget-heading\" data-id=\"1758ef2\" data-element_type=\"widget\" data-widget_type=\"heading.default\">\n\t\t\t\t<div class=\"elementor-widget-container\">\n\t\t\t<h2 class=\"elementor-heading-title elementor-size-default\">En Roots Propiedades tenemos los siguientes servicios:<\/h2>\t\t<\/div>\n\t\t\t\t<\/div>\n\t\t\t\t\t<\/div>\n\t\t\t\t<\/div>\n\t\t<div class=\"elementor-element elementor-element-69625da e-flex e-con-boxed e-con e-parent\" data-id=\"69625da\" data-element_type=\"container\">\n\t\t\t\t\t<div class=\"e-con-inner\">\n\t\t\t\t<div class=\"elementor-element elementor-element-c957ed7 elementor-widget elementor-widget-heading\" data-id=\"c957ed7\" data-element_type=\"widget\" data-widget_type=\"heading.default\">\n\t\t\t\t<div class=\"elementor-widget-container\">\n\t\t\t<h2 class=\"elementor-heading-title elementor-size-default\">Venta<\/h2>\t\t<\/div>\n\t\t\t\t<\/div>\n\t\t\t\t<div class=\"elementor-element elementor-element-76d4179 elementor-widget elementor-widget-text-editor\" data-id=\"76d4179\" data-element_type=\"widget\" data-widget_type=\"text-editor.default\">\n\t\t\t\t<div class=\"elementor-widget-container\">\n\t\t\t\t\t\t\t<h4>Te ayudamos a vender tu propiedad, para lo cual:<\/h4>\t\t\t\t\t\t<\/div>\n\t\t\t\t<\/div>\n\t\t\t\t<div class=\"elementor-element elementor-element-d8e2e93 elementor-widget elementor-widget-text-editor\" data-id=\"d8e2e93\" data-element_type=\"widget\" data-widget_type=\"text-editor.default\">\n\t\t\t\t<div class=\"elementor-widget-container\">\n\t\t\t\t\t\t\t<ul><li>Tomamos fotograf\u00edas y videos con alto est\u00e1ndar y calidadPublicamos tu propiedad en los principales portales de propiedades y redes sociales<\/li><li>Coordinamos las visitas a la propiedad y la mostramos<\/li><\/ul><ul><li>Confecci\u00f3n de contrato compra\/venta, escritura<\/li><li>Revisi\u00f3n de t\u00edtulos antes de la venta<\/li><li>Gesti\u00f3n y obtenci\u00f3n de certificados de dominio, hipotecas y grav\u00e1menes<\/li><li>Asesor\u00eda para completar antecedentes legales para estudio de t\u00edtulos<\/li><li>Gesti\u00f3n de inscripci\u00f3n de compraventa en conservador de bienes ra\u00edces<\/li><li>Informe sobre usos de suelo (comercial, habitacional o industrial)<\/li><li>Recopilaci\u00f3n de antecedentes legales, seguimiento y gesti\u00f3n de apoyo en el estudio de t\u00edtulo y operaci\u00f3n con los bancos<\/li><li>Evaluaci\u00f3n comercial: uno de los grandes desaf\u00edos es saber establecer el valor de la propiedad, de tal manera que resulte conveniente para todas las partes. Realizamos un an\u00e1lisis del mercado inmobiliario del sector para sugerir el mejor precio para tu propiedad.<\/li><\/ul>\t\t\t\t\t\t<\/div>\n\t\t\t\t<\/div>\n\t\t\t\t\t<\/div>\n\t\t\t\t<\/div>\n\t\t<div class=\"elementor-element elementor-element-d996d4a e-flex e-con-boxed e-con e-parent\" data-id=\"d996d4a\" data-element_type=\"container\">\n\t\t\t\t\t<div class=\"e-con-inner\">\n\t\t\t\t<div class=\"elementor-element elementor-element-59da711 elementor-widget elementor-widget-heading\" data-id=\"59da711\" data-element_type=\"widget\" data-widget_type=\"heading.default\">\n\t\t\t\t<div class=\"elementor-widget-container\">\n\t\t\t<h2 class=\"elementor-heading-title elementor-size-default\">Arriendo<br><\/h2>\t\t<\/div>\n\t\t\t\t<\/div>\n\t\t\t\t<div class=\"elementor-element elementor-element-3c30a57 elementor-widget elementor-widget-text-editor\" data-id=\"3c30a57\" data-element_type=\"widget\" data-widget_type=\"text-editor.default\">\n\t\t\t\t<div class=\"elementor-widget-container\">\n\t\t\t\t\t\t\t<h3>Te ayudamos a arrendar tu propiedad<\/h3>\t\t\t\t\t\t<\/div>\n\t\t\t\t<\/div>\n\t\t\t\t<div class=\"elementor-element elementor-element-e482c02 elementor-widget elementor-widget-text-editor\" data-id=\"e482c02\" data-element_type=\"widget\" data-widget_type=\"text-editor.default\">\n\t\t\t\t<div class=\"elementor-widget-container\">\n\t\t\t\t\t\t\t<ul><li>Tomamos fotograf\u00edas y videos con alto est\u00e1ndar y calidad<\/li><li>Evaluaci\u00f3n comercial: uno de los grandes desaf\u00edos es saber establecer el valor de la propiedad, de tal manera que resulte conveniente para todas las partes. Realizamos un an\u00e1lisis del mercado inmobiliario del sector para sugerir el mejor precio para tu propiedad.<\/li><li>Publicamos tu propiedad en los principales portales de propiedades y redes sociales<\/li><li>Coordinamos las visitas a la propiedad y la mostramos<\/li><li>Buscamos y evaluamos los candidatos y te enviamos informes de ellos a tu correo<\/li><li>Elaboramos el inventario de tu propiedad<\/li><li>Confeccionamos el contrato de arriendo<\/li><li>Asistimos en la Firma contrato <em>(averiguar sobre firma contrato online)<\/em><\/li><li>Entregamos tu propiedad<\/li><li>Recibes el pago seg\u00fan lo acordado.<\/li><\/ul>\t\t\t\t\t\t<\/div>\n\t\t\t\t<\/div>\n\t\t\t\t\t<\/div>\n\t\t\t\t<\/div>\n\t\t<div class=\"elementor-element elementor-element-df197a7 e-flex e-con-boxed e-con e-parent\" data-id=\"df197a7\" data-element_type=\"container\">\n\t\t\t\t\t<div class=\"e-con-inner\">\n\t\t\t\t<div class=\"elementor-element elementor-element-ffbdf13 elementor-widget elementor-widget-heading\" data-id=\"ffbdf13\" data-element_type=\"widget\" data-widget_type=\"heading.default\">\n\t\t\t\t<div class=\"elementor-widget-container\">\n\t\t\t<h2 class=\"elementor-heading-title elementor-size-default\">Administraci\u00f3n<\/h2>\t\t<\/div>\n\t\t\t\t<\/div>\n\t\t\t\t<div class=\"elementor-element elementor-element-bdbb377 elementor-widget elementor-widget-text-editor\" data-id=\"bdbb377\" data-element_type=\"widget\" data-widget_type=\"text-editor.default\">\n\t\t\t\t<div class=\"elementor-widget-container\">\n\t\t\t\t\t\t\t<h3>Te administramos tu propiedad en arriendo para que no tengas que preocuparte de nada:<\/h3>\t\t\t\t\t\t<\/div>\n\t\t\t\t<\/div>\n\t\t\t\t<div class=\"elementor-element elementor-element-a75441d elementor-widget elementor-widget-text-editor\" data-id=\"a75441d\" data-element_type=\"widget\" data-widget_type=\"text-editor.default\">\n\t\t\t\t<div class=\"elementor-widget-container\">\n\t\t\t\t\t\t\t<ul><li>Administraci\u00f3n de la propiedad en arriendo<\/li><li>Servicio dise\u00f1ado para cubrir todas las necesidades que se despliegan del arrendamiento de una propiedad, desligando al due\u00f1o del trato directo con el arrendatario<\/li><li>Confecci\u00f3n y mantenci\u00f3n al d\u00eda del contrato de arriendo<\/li><li>Cobro mensual oportuno del arriendo y las eventuales multas si correspondiese y aplicaci\u00f3n de reajustes seg\u00fan contrato.<\/li><li>Gesti\u00f3n de mantenciones respectivas de la propiedad<\/li><li>Gesti\u00f3n de reparaciones en caso de que hubiera (cotizaci\u00f3n, contrataci\u00f3n y supervisi\u00f3n de reparaciones como pintura, gasfiter\u00eda, electricidad y remodelaciones, entre otros.<\/li><li>Verificaci\u00f3n del pago de las cuentas b\u00e1sicas<\/li><li>Nos encargamos de la gesti\u00f3n completa del arriendo de tu propiedad en lo referente al cobro, comunicaci\u00f3n con el arrendatario, registro de pagos, reajustes de arriendos, cobros de multas, revisi\u00f3n del estado de la propiedad, etc.<\/li><\/ul>\t\t\t\t\t\t<\/div>\n\t\t\t\t<\/div>\n\t\t\t\t\t<\/div>\n\t\t\t\t<\/div>\n\t\t\t\t<\/div>\n\t\t","protected":false},"excerpt":{"rendered":"<p>En Roots Propiedades tenemos los siguientes servicios: Venta Te ayudamos a vender tu propiedad, para lo cual: Tomamos fotograf\u00edas y videos con alto est\u00e1ndar y calidadPublicamos tu propiedad en los principales portales de propiedades y redes sociales Coordinamos las visitas a la propiedad y la mostramos Confecci\u00f3n de contrato compra\/venta, escritura Revisi\u00f3n de t\u00edtulos antes de la venta Gesti\u00f3n y obtenci\u00f3n de certificados de &#8230;<\/p>\n","protected":false},"author":1,"featured_media":0,"parent":0,"menu_order":0,"comment_status":"closed","ping_status":"closed","template":"","meta":{"inline_featured_image":false,"footnotes":""},"class_list":["post-19343","page","type-page","status-publish","hentry"],"_links":{"self":[{"href":"https:\/\/rootspropiedades.cl\/index.php?rest_route=\/wp\/v2\/pages\/19343","targetHints":{"allow":["GET"]}}],"collection":[{"href":"https:\/\/rootspropiedades.cl\/index.php?rest_route=\/wp\/v2\/pages"}],"about":[{"href":"https:\/\/rootspropiedades.cl\/index.php?rest_route=\/wp\/v2\/types\/page"}],"author":[{"embeddable":true,"href":"https:\/\/rootspropiedades.cl\/index.php?rest_route=\/wp\/v2\/users\/1"}],"replies":[{"embeddable":true,"href":"https:\/\/rootspropiedades.cl\/index.php?rest_route=%2Fwp%2Fv2%2Fcomments&post=19343"}],"version-history":[{"count":4,"href":"https:\/\/rootspropiedades.cl\/index.php?rest_route=\/wp\/v2\/pages\/19343\/revisions"}],"predecessor-version":[{"id":19347,"href":"https:\/\/rootspropiedades.cl\/index.php?rest_route=\/wp\/v2\/pages\/19343\/revisions\/19347"}],"wp:attachment":[{"href":"https:\/\/rootspropiedades.cl\/index.php?rest_route=%2Fwp%2Fv2%2Fmedia&parent=19343"}],"curies":[{"name":"wp","href":"https:\/\/api.w.org\/{rel}","templated":true}]}}